{"id":121,"date":"2025-02-18T22:38:50","date_gmt":"2025-02-18T20:38:50","guid":{"rendered":"https:\/\/soarta.org\/?page_id=121"},"modified":"2025-02-22T15:54:12","modified_gmt":"2025-02-22T13:54:12","slug":"viziune","status":"publish","type":"page","link":"https:\/\/soarta.org\/en\/viziune\/","title":{"rendered":"Vision"},"content":{"rendered":"<p style=\"margin-right:var(--wp--preset--spacing--50);margin-left:var(--wp--preset--spacing--50)\"><strong>Vision of the association:<\/strong><\/p>\n\n\n\n<p style=\"margin-right:var(--wp--preset--spacing--50);margin-left:var(--wp--preset--spacing--50)\">Change by capitalizing on individual and public experiences for social integration, development, and leadership recognized by civil society, the church, and the business environment.<\/p>\n\n\n\n<p style=\"margin-right:var(--wp--preset--spacing--50);margin-left:var(--wp--preset--spacing--50)\">Improving the quality of life of socially vulnerable people through medical, social, educational, cultural, and anti-trafficking programs and promoting community development activities in accordance with general human values.<\/p>","protected":false},"excerpt":{"rendered":"<p>Viziunea asocia\u021biei: Schimbare prin valorificarea experien\u021belor individuale \u015fi ob\u0219te\u0219ti pentru integrare social\u0103, dezvoltare \u015fi leadership recunoscut de societatea civil\u0103, biseric\u0103 \u015fi mediul de afaceri. \u00cembun\u0103t\u0103\u021birea calit\u0103\u021bii vie\u021bii persoanelor social vulnerabile prin programe medicale, sociale, educa\u021bionale, culturale \u0219i anti-trafic, promov\u00e2nd activit\u0103\u021bi de dezvoltare comunitar\u0103 \u00een conformitate cu valorile umane generale.<\/p>","protected":false},"author":1,"featured_media":0,"parent":0,"menu_order":0,"comment_status":"closed","ping_status":"closed","template":"","meta":{"footnotes":""},"class_list":["post-121","page","type-page","status-publish","hentry"],"jetpack_sharing_enabled":true,"_links":{"self":[{"href":"https:\/\/soarta.org\/en\/wp-json\/wp\/v2\/pages\/121","targetHints":{"allow":["GET"]}}],"collection":[{"href":"https:\/\/soarta.org\/en\/wp-json\/wp\/v2\/pages"}],"about":[{"href":"https:\/\/soarta.org\/en\/wp-json\/wp\/v2\/types\/page"}],"author":[{"embeddable":true,"href":"https:\/\/soarta.org\/en\/wp-json\/wp\/v2\/users\/1"}],"replies":[{"embeddable":true,"href":"https:\/\/soarta.org\/en\/wp-json\/wp\/v2\/comments?post=121"}],"version-history":[{"count":9,"href":"https:\/\/soarta.org\/en\/wp-json\/wp\/v2\/pages\/121\/revisions"}],"predecessor-version":[{"id":692,"href":"https:\/\/soarta.org\/en\/wp-json\/wp\/v2\/pages\/121\/revisions\/692"}],"wp:attachment":[{"href":"https:\/\/soarta.org\/en\/wp-json\/wp\/v2\/media?parent=121"}],"curies":[{"name":"wp","href":"https:\/\/api.w.org\/{rel}","templated":true}]}}