{"id":124,"date":"2025-02-18T22:39:28","date_gmt":"2025-02-18T20:39:28","guid":{"rendered":"https:\/\/soarta.org\/?page_id=124"},"modified":"2025-03-21T23:13:45","modified_gmt":"2025-03-21T21:13:45","slug":"misiune","status":"publish","type":"page","link":"https:\/\/soarta.org\/en\/misiune\/","title":{"rendered":"Mission"},"content":{"rendered":"<p style=\"margin-right:var(--wp--preset--spacing--50);margin-left:var(--wp--preset--spacing--50)\"><strong>Mission of the association:<\/strong><\/p>\n\n\n\n<p style=\"margin-right:var(--wp--preset--spacing--50);margin-left:var(--wp--preset--spacing--50)\">Optimizing social, institutional, and professional relations for a better life through the involvement of citizens and the development of civic spirit.<\/p>\n\n\n\n<p style=\"margin-right:var(--wp--preset--spacing--50);margin-left:var(--wp--preset--spacing--50)\">Supporting and caring for the largest possible number of socially disadvantaged people with insufficiently utilized intellectual, physical and professional potential; single elderly people; orphans; street children; invalids; widows; mothers with many children; women at risk; victims of human trafficking; youngsters - so that they do not feel marginalized, removed and stigmatized in their daily life and so that they can reintegrate and do not feel like a burden to the community.<\/p>","protected":false},"excerpt":{"rendered":"<p>Misiunea asocia\u021biei: Optimizarea rela\u021biilor sociale, institu\u021bionale \u015fi profesionale pentru o via\u021b\u0103 mai bun\u0103 prin implicarea cet\u0103\u0163enilor \u015fi dezvoltarea spiritului civic. Sprijinirea \u0219i \u00eengrijirea unui num\u0103r c\u00e2t mai mare de persoane dezavantajate social cu poten\u021bial intelectual, fizic \u0219i profesional insuficient exploatate, v\u00e2rstnici singuri, orfani, copii de pe strad\u0103, invalizi, v\u0103duve, mame cu mul\u021bi copii, femei \u00een [&hellip;]<\/p>\n","protected":false},"author":1,"featured_media":0,"parent":0,"menu_order":0,"comment_status":"closed","ping_status":"closed","template":"","meta":{"footnotes":""},"class_list":["post-124","page","type-page","status-publish","hentry"],"jetpack_sharing_enabled":true,"_links":{"self":[{"href":"https:\/\/soarta.org\/en\/wp-json\/wp\/v2\/pages\/124","targetHints":{"allow":["GET"]}}],"collection":[{"href":"https:\/\/soarta.org\/en\/wp-json\/wp\/v2\/pages"}],"about":[{"href":"https:\/\/soarta.org\/en\/wp-json\/wp\/v2\/types\/page"}],"author":[{"embeddable":true,"href":"https:\/\/soarta.org\/en\/wp-json\/wp\/v2\/users\/1"}],"replies":[{"embeddable":true,"href":"https:\/\/soarta.org\/en\/wp-json\/wp\/v2\/comments?post=124"}],"version-history":[{"count":14,"href":"https:\/\/soarta.org\/en\/wp-json\/wp\/v2\/pages\/124\/revisions"}],"predecessor-version":[{"id":754,"href":"https:\/\/soarta.org\/en\/wp-json\/wp\/v2\/pages\/124\/revisions\/754"}],"wp:attachment":[{"href":"https:\/\/soarta.org\/en\/wp-json\/wp\/v2\/media?parent=124"}],"curies":[{"name":"wp","href":"https:\/\/api.w.org\/{rel}","templated":true}]}}