{"id":132,"date":"2025-02-18T22:45:57","date_gmt":"2025-02-18T20:45:57","guid":{"rendered":"https:\/\/soarta.org\/?page_id=132"},"modified":"2025-03-16T17:40:08","modified_gmt":"2025-03-16T15:40:08","slug":"voluntariat","status":"publish","type":"page","link":"https:\/\/soarta.org\/en\/voluntariat\/","title":{"rendered":"Volunteering"},"content":{"rendered":"<p style=\"margin-right:var(--wp--preset--spacing--50);margin-left:var(--wp--preset--spacing--50)\"><strong>The mission of our volunteers <\/strong><\/p>\n\n\n\n<p style=\"margin-right:var(--wp--preset--spacing--50);margin-left:var(--wp--preset--spacing--50)\">Our association\u2019s volunteers are determined to contribute to an irreversible change in the society of the Republic of Moldova, by developing community members\u2019 skills and attitudes and increasing their commitments to creating and facilitating this change.<\/p>\n\n\n\n<p style=\"margin-right:var(--wp--preset--spacing--50);margin-left:var(--wp--preset--spacing--50)\"><strong>What can you offer?<\/strong><\/p>\n\n\n\n<p style=\"margin-right:var(--wp--preset--spacing--50);margin-left:var(--wp--preset--spacing--50)\">By becoming a volunteer, you donate your time and knowledge. Your time is one but precious to a person who needs help.<\/p>\n\n\n\n<p style=\"margin-right:var(--wp--preset--spacing--50);margin-left:var(--wp--preset--spacing--50)\"><strong>What can we offer you?<\/strong><\/p>\n\n\n\n<ul style=\"margin-right:var(--wp--preset--spacing--50);margin-left:var(--wp--preset--spacing--50)\" class=\"wp-block-list\">\n<li style=\"margin-right:var(--wp--preset--spacing--50);margin-left:var(--wp--preset--spacing--50)\">Experience in communication, teamwork and planning activities!<\/li>\n\n\n\n<li style=\"margin-right:var(--wp--preset--spacing--50);margin-left:var(--wp--preset--spacing--50)\">A volunteer contract and volunteer card that confirms your work experience, giving essential value to your resume for future employers!<\/li>\n\n\n\n<li style=\"margin-right:var(--wp--preset--spacing--50);margin-left:var(--wp--preset--spacing--50)\">Personal fulfillment! (because you're a superhero)<\/li>\n\n\n\n<li style=\"margin-right:var(--wp--preset--spacing--50);margin-left:var(--wp--preset--spacing--50)\">The smiles, appreciation and gratitude of our beneficiaries!<\/li>\n<\/ul>\n\n\n\n<p style=\"margin-right:var(--wp--preset--spacing--50);margin-left:var(--wp--preset--spacing--50)\"><strong>Has our website sparked your interest in SOARTA and do you want to make a personal contribution? Please contact us and register as a volunteer. We would like to invite you to a meeting at the office to discuss the possibilities.<\/strong><\/p>\n\n\n\n<p style=\"margin-right:var(--wp--preset--spacing--50);margin-left:var(--wp--preset--spacing--50)\">You can contact us via:<\/p>\n\n\n\n<p style=\"margin-right:var(--wp--preset--spacing--50);margin-left:var(--wp--preset--spacing--50)\">Telephone: +373 691 82226<\/p>\n\n\n\n<p class=\"has-large-font-size\" style=\"margin-right:var(--wp--preset--spacing--50);margin-left:var(--wp--preset--spacing--50)\">Email: office@soarta.org<\/p>\n\n\n\n<p><\/p>","protected":false},"excerpt":{"rendered":"<p>Misiunea voluntarilor Asocia\u0163iei noastre este de a contribui la o schimbare ireversibil\u0103 a societ\u0103\u021bii din Republica Moldova prin dezvoltarea abilit\u0103\u021bilor \u0219i atitudinilor membrilor comunit\u0103\u021bii \u0219i cre\u0219terea angajamentelor acestora \u00een crearea \u0219i facilitarea acestei schimb\u0103ri ca resurs\u0103 valoroas\u0103 a comunit\u0103\u021bii. Ce po\u021bi oferi tu? Devenind voluntar: donezi timpul \u0219i cuno\u0219tin\u021bele tale. Timpul t\u0103u este un dar [&hellip;]<\/p>\n","protected":false},"author":1,"featured_media":0,"parent":0,"menu_order":0,"comment_status":"closed","ping_status":"closed","template":"","meta":{"footnotes":""},"class_list":["post-132","page","type-page","status-publish","hentry"],"jetpack_sharing_enabled":true,"_links":{"self":[{"href":"https:\/\/soarta.org\/en\/wp-json\/wp\/v2\/pages\/132","targetHints":{"allow":["GET"]}}],"collection":[{"href":"https:\/\/soarta.org\/en\/wp-json\/wp\/v2\/pages"}],"about":[{"href":"https:\/\/soarta.org\/en\/wp-json\/wp\/v2\/types\/page"}],"author":[{"embeddable":true,"href":"https:\/\/soarta.org\/en\/wp-json\/wp\/v2\/users\/1"}],"replies":[{"embeddable":true,"href":"https:\/\/soarta.org\/en\/wp-json\/wp\/v2\/comments?post=132"}],"version-history":[{"count":7,"href":"https:\/\/soarta.org\/en\/wp-json\/wp\/v2\/pages\/132\/revisions"}],"predecessor-version":[{"id":698,"href":"https:\/\/soarta.org\/en\/wp-json\/wp\/v2\/pages\/132\/revisions\/698"}],"wp:attachment":[{"href":"https:\/\/soarta.org\/en\/wp-json\/wp\/v2\/media?parent=132"}],"curies":[{"name":"wp","href":"https:\/\/api.w.org\/{rel}","templated":true}]}}