{"id":135,"date":"2025-02-18T22:47:14","date_gmt":"2025-02-18T20:47:14","guid":{"rendered":"https:\/\/soarta.org\/?page_id=135"},"modified":"2025-02-20T01:57:40","modified_gmt":"2025-02-19T23:57:40","slug":"politica-de-confidentialitate","status":"publish","type":"page","link":"https:\/\/soarta.org\/en\/politica-de-confidentialitate\/","title":{"rendered":"Politica de confiden\u021bialitate"},"content":{"rendered":"<p style=\"margin-right:var(--wp--preset--spacing--50);margin-left:var(--wp--preset--spacing--50)\"><strong>Who We Are<\/strong><\/p>\n\n\n\n<p style=\"margin-right:var(--wp--preset--spacing--50);margin-left:var(--wp--preset--spacing--50)\">Our website address is https:\/\/soarta.org<\/p>\n\n\n\n<p style=\"margin-right:var(--wp--preset--spacing--50);margin-left:var(--wp--preset--spacing--50)\"><strong>Personal data, payment data, comments and selections<\/strong><\/p>\n\n\n\n<p style=\"margin-right:var(--wp--preset--spacing--50);margin-left:var(--wp--preset--spacing--50)\">When visitors leave their personal data and payment data or make comments and selections on the site, we collect the data displayed in the forms.<\/p>\n\n\n\n<p style=\"margin-right:var(--wp--preset--spacing--50);margin-left:var(--wp--preset--spacing--50)\"><strong>Cookies<\/strong><\/p>\n\n\n\n<p style=\"margin-right:var(--wp--preset--spacing--50);margin-left:var(--wp--preset--spacing--50)\">If you leave a comment on our site, you can choose to save your name, email address and website in cookies. These are for your convenience, so you don't need to fill in your details again when you decide to fill out the donation form again. These cookies will last for one year.<\/p>\n\n\n\n<p style=\"margin-right:var(--wp--preset--spacing--50);margin-left:var(--wp--preset--spacing--50)\"><strong>Embedded content from other websites<\/strong><\/p>\n\n\n\n<p style=\"margin-right:var(--wp--preset--spacing--50);margin-left:var(--wp--preset--spacing--50)\">Articles on this site may include embedded content (e.g. videos, images, articles, etc.). Embedded content from other websites behaves the same way as if the visitor would have visited the other website.<\/p>\n\n\n\n<p style=\"margin-right:var(--wp--preset--spacing--50);margin-left:var(--wp--preset--spacing--50)\">These websites may collect data about you, use cookies, embed additional third-party tracking content, and may monitor your interaction with that embedded content, including tracking your interaction with embedded content if you have an account and are signed in to that website.<\/p>\n\n\n\n<p style=\"margin-right:var(--wp--preset--spacing--50);margin-left:var(--wp--preset--spacing--50)\"><strong>Who we share your data with<\/strong><\/p>\n\n\n\n<p style=\"margin-right:var(--wp--preset--spacing--50);margin-left:var(--wp--preset--spacing--50)\">Your data will not be shared with third parties. Only SOARTA staff and website administrators will have access to and process your data.<\/p>\n\n\n\n<p style=\"margin-right:var(--wp--preset--spacing--50);margin-left:var(--wp--preset--spacing--50)\"><strong>How long we retain your data<\/strong><\/p>\n\n\n\n<p style=\"margin-right:var(--wp--preset--spacing--50);margin-left:var(--wp--preset--spacing--50)\">We store personal information of users who register for the newsletter or donate on our website. Data from donations will be saved for a maximum period of three years. The data from the newsletter registration will be saved indefinitely, except in case the owner decides to unsubscribe from the newsletter.<\/p>\n\n\n\n<p style=\"margin-right:var(--wp--preset--spacing--50);margin-left:var(--wp--preset--spacing--50)\"><strong>What rights you have over your data<\/strong><\/p>\n\n\n\n<p style=\"margin-right:var(--wp--preset--spacing--50);margin-left:var(--wp--preset--spacing--50)\">If you have shared personal data through our website, you can request to receive an exported file of the personal data we hold about you and that you have provided to us. You can also request that we delete any personal data that we hold about you. This does not include data that we are required to keep for administrative, legal, or security purposes.<\/p>\n\n\n\n<p style=\"margin-right:var(--wp--preset--spacing--50);margin-left:var(--wp--preset--spacing--50)\"><\/p>\n\n\n\n<p><\/p>","protected":false},"excerpt":{"rendered":"<p>Cine suntem Adresa site-ului nostru web este: https:\/\/soarta.org. Date personale, date de plat\u0103, comentarii \u0219i selec\u021bii C\u00e2nd vizitatorii \u00ee\u0219i las\u0103 datele personale \u0219i datele de plat\u0103 sau fac comentarii \u0219i selec\u021bii pe site, colect\u0103m datele afi\u0219ate \u00een formulare. Cookie-uri Dac\u0103 l\u0103sa\u021bi un comentariu pe site-ul nostru, pute\u021bi opta pentru salvarea numelui, a adresei de e-mail [&hellip;]<\/p>\n","protected":false},"author":1,"featured_media":0,"parent":0,"menu_order":0,"comment_status":"closed","ping_status":"closed","template":"","meta":{"footnotes":""},"class_list":["post-135","page","type-page","status-publish","hentry"],"jetpack_sharing_enabled":true,"_links":{"self":[{"href":"https:\/\/soarta.org\/en\/wp-json\/wp\/v2\/pages\/135","targetHints":{"allow":["GET"]}}],"collection":[{"href":"https:\/\/soarta.org\/en\/wp-json\/wp\/v2\/pages"}],"about":[{"href":"https:\/\/soarta.org\/en\/wp-json\/wp\/v2\/types\/page"}],"author":[{"embeddable":true,"href":"https:\/\/soarta.org\/en\/wp-json\/wp\/v2\/users\/1"}],"replies":[{"embeddable":true,"href":"https:\/\/soarta.org\/en\/wp-json\/wp\/v2\/comments?post=135"}],"version-history":[{"count":4,"href":"https:\/\/soarta.org\/en\/wp-json\/wp\/v2\/pages\/135\/revisions"}],"predecessor-version":[{"id":375,"href":"https:\/\/soarta.org\/en\/wp-json\/wp\/v2\/pages\/135\/revisions\/375"}],"wp:attachment":[{"href":"https:\/\/soarta.org\/en\/wp-json\/wp\/v2\/media?parent=135"}],"curies":[{"name":"wp","href":"https:\/\/api.w.org\/{rel}","templated":true}]}}