{"id":22,"date":"2025-01-28T23:37:48","date_gmt":"2025-01-28T21:37:48","guid":{"rendered":"https:\/\/soarta.org\/?page_id=22"},"modified":"2025-03-21T22:54:01","modified_gmt":"2025-03-21T20:54:01","slug":"about","status":"publish","type":"page","link":"https:\/\/soarta.org\/en\/about\/","title":{"rendered":"About us"},"content":{"rendered":"<div class=\"wp-block-columns alignwide is-style-default is-layout-flex wp-container-core-columns-is-layout-66fad18a wp-block-columns-is-layout-flex\">\n<div class=\"wp-block-column is-vertically-aligned-center is-layout-flow wp-block-column-is-layout-flow\" style=\"padding-right:0;padding-left:0;flex-basis:50%\">\n<p style=\"margin-top:0;margin-right:var(--wp--preset--spacing--50);margin-bottom:0;margin-left:var(--wp--preset--spacing--50)\"><strong>NGO Community Association SOARTA<\/strong> represents a public charity, non-governmental, apolitical, non-profit organization, established through the free expression of the will of associated persons and registered on June 20, 2002, with registration number 2248.<\/p>\n\n\n\n<p style=\"margin-right:var(--wp--preset--spacing--50);margin-left:var(--wp--preset--spacing--50)\">SOARTA is committed to helping the sick, poor, needy, vulnerable, and marginalized.<\/p>\n\n\n\n<p class=\"is-style-default has-large-font-size\" style=\"margin-right:var(--wp--preset--spacing--50);margin-left:var(--wp--preset--spacing--50)\">Our slogan is: \"Love and Mercy are above all.\"<\/p>\n<\/div>\n\n\n\n<div class=\"wp-block-column is-layout-flow wp-block-column-is-layout-flow\" style=\"padding-top:0;padding-bottom:0;flex-basis:50%\">\n<figure class=\"wp-block-image size-large\" style=\"margin-right:var(--wp--preset--spacing--50);margin-left:var(--wp--preset--spacing--50)\"><img loading=\"lazy\" decoding=\"async\" width=\"1024\" height=\"768\" src=\"https:\/\/soarta.org\/wp-content\/uploads\/2025\/02\/Home-care-for-elderly-and-invalids-25-1024x768.jpg\" alt=\"\" class=\"wp-image-308\" srcset=\"https:\/\/soarta.org\/wp-content\/uploads\/2025\/02\/Home-care-for-elderly-and-invalids-25-1024x768.jpg 1024w, https:\/\/soarta.org\/wp-content\/uploads\/2025\/02\/Home-care-for-elderly-and-invalids-25-300x225.jpg 300w, https:\/\/soarta.org\/wp-content\/uploads\/2025\/02\/Home-care-for-elderly-and-invalids-25-768x576.jpg 768w, https:\/\/soarta.org\/wp-content\/uploads\/2025\/02\/Home-care-for-elderly-and-invalids-25-1536x1152.jpg 1536w, https:\/\/soarta.org\/wp-content\/uploads\/2025\/02\/Home-care-for-elderly-and-invalids-25-2048x1536.jpg 2048w, https:\/\/soarta.org\/wp-content\/uploads\/2025\/02\/Home-care-for-elderly-and-invalids-25-16x12.jpg 16w\" sizes=\"auto, (max-width: 1024px) 100vw, 1024px\" \/><\/figure>\n<\/div>\n<\/div>\n\n\n\n<div class=\"wp-block-group alignfull is-style-default has-global-padding is-layout-constrained wp-container-core-group-is-layout-1be23b97 wp-block-group-is-layout-constrained\" style=\"margin-top:0;margin-bottom:0;padding-top:0;padding-bottom:0\">\n<p class=\"has-text-align-center has-x-large-font-size\" style=\"margin-top:var(--wp--preset--spacing--50);margin-bottom:var(--wp--preset--spacing--50)\"><strong>Are you curious about what we have already achieved? View our <a href=\"https:\/\/soarta.org\/en\/archive\/\" data-type=\"page\" data-id=\"270\">archive <\/a>noastr\u0103<\/strong>.<\/p>\n\n\n\n<h2 class=\"wp-block-heading has-text-align-center is-style-default\" style=\"margin-top:var(--wp--preset--spacing--30);margin-bottom:var(--wp--preset--spacing--30)\"><strong>Donors &amp; Partners<\/strong><\/h2>\n\n\n\n<p>We want to thank the following parties and individuals for their past and\/or present support of SOARTA:<\/p>\n<\/div>\n\n\n\n<p class=\"has-text-align-center has-medium-font-size\"><strong>Partners<\/strong><\/p>\n\n\n\n<div class=\"wp-block-columns is-layout-flex wp-container-core-columns-is-layout-0111f410 wp-block-columns-is-layout-flex\" style=\"padding-right:var(--wp--preset--spacing--50);padding-left:var(--wp--preset--spacing--50)\">\n<div class=\"wp-block-column is-layout-flow wp-block-column-is-layout-flow\">\n<ul class=\"wp-block-list is-style-default wp-container-content-9cfa9a5a\">\n<li class=\"has-small-font-size\">Diocese of Soroca and Drochia<\/li>\n\n\n\n<li class=\"has-small-font-size\">Episcopal Cathedral Adormirea Maicii Domnului in Soroca municipality<\/li>\n\n\n\n<li class=\"has-small-font-size\">Religious Community Biserica cu Hramul Sf\u00e2ntul Mare Mucenic Dimitrie<\/li>\n\n\n\n<li class=\"has-small-font-size\">Foundation Solidaritate \u0219i Speran\u021b\u0103<\/li>\n\n\n\n<li class=\"has-small-font-size\">Association  Iubire \u0219i \u00cencredere<\/li>\n\n\n\n<li class=\"has-small-font-size\">Sf\u00e2ntul Voievod \u0218tefan cel Mare Parish<\/li>\n<\/ul>\n<\/div>\n\n\n\n<div class=\"wp-block-column is-layout-flow wp-block-column-is-layout-flow\">\n<ul class=\"wp-block-list is-style-default wp-container-content-9cfa9a5a\">\n<li class=\"has-small-font-size\">Sfin\u021bii Teodori Church<\/li>\n\n\n\n<li class=\"has-small-font-size\">Community Association Misiune \u0219i Filantropie<\/li>\n\n\n\n<li class=\"has-small-font-size\">Theoretical School Constantin Stere<\/li>\n\n\n\n<li class=\"has-small-font-size\">Theoretical school Petru Rare\u0219<\/li>\n\n\n\n<li class=\"has-small-font-size\">Local Public Authorities<\/li>\n\n\n\n<li class=\"has-small-font-size\">Public Association MAX Maakt Mogelijk Moldavi\u00eb<\/li>\n<\/ul>\n<\/div>\n<\/div>\n\n\n\n<p class=\"has-text-align-center has-medium-font-size\"><strong>Donors<\/strong><\/p>\n\n\n\n<div class=\"wp-block-columns is-layout-flex wp-container-core-columns-is-layout-0111f410 wp-block-columns-is-layout-flex\" style=\"padding-right:var(--wp--preset--spacing--50);padding-left:var(--wp--preset--spacing--50)\">\n<div class=\"wp-block-column is-layout-flow wp-block-column-is-layout-flow\">\n<ul class=\"wp-block-list wp-container-content-9cfa9a5a\">\n<li class=\"has-small-font-size\">European Commission<\/li>\n\n\n\n<li class=\"has-small-font-size\">Stichting Mahoney Foundation<\/li>\n\n\n\n<li class=\"has-small-font-size\">Stichting Amaryllis Foundation<\/li>\n\n\n\n<li class=\"has-small-font-size\">Max Maakt Mogelijk<\/li>\n\n\n\n<li class=\"has-small-font-size\">Church World Service<\/li>\n\n\n\n<li class=\"has-small-font-size\">Danish Refugee Council<\/li>\n\n\n\n<li class=\"has-small-font-size\">Diakonie Katastrophenhilfe (DKH)<\/li>\n\n\n\n<li class=\"has-small-font-size\">Ministry of Foreign Affairs of Finland<\/li>\n\n\n\n<li class=\"has-small-font-size\">Funda\u021bia Filantropia<\/li>\n\n\n\n<li class=\"has-small-font-size\">World Church Council<\/li>\n<\/ul>\n<\/div>\n\n\n\n<div class=\"wp-block-column is-layout-flow wp-block-column-is-layout-flow\">\n<ul class=\"wp-block-list wp-container-content-9cfa9a5a\">\n<li class=\"has-small-font-size\">Schmitz &#8211; Hille Foundation<\/li>\n\n\n\n<li class=\"has-small-font-size\">W.P. Schmitz \u2013 Stiftung<\/li>\n\n\n\n<li class=\"has-small-font-size\">Finn Church Aid<\/li>\n\n\n\n<li class=\"has-small-font-size\">Evangelisch-Reformierte Kirche des Kantons St.Gallen<\/li>\n\n\n\n<li class=\"has-small-font-size\">Rotary Club Haarlemmermeer<\/li>\n\n\n\n<li class=\"has-small-font-size\">Wilde Ganzen<\/li>\n\n\n\n<li class=\"has-small-font-size\">Nightkiss Foundation<\/li>\n\n\n\n<li class=\"has-small-font-size\">Stichting Hart voor de Oogst<\/li>\n\n\n\n<li class=\"has-small-font-size\">Rotary Club Zeist<\/li>\n\n\n\n<li class=\"has-small-font-size\">Embassy of the Netherlands in Kyiv<\/li>\n<\/ul>\n<\/div>\n\n\n\n<div class=\"wp-block-column is-layout-flow wp-block-column-is-layout-flow\">\n<ul class=\"wp-block-list\">\n<li class=\"has-small-font-size\">Stichting Sociaal-Medische Hulpverlening Aan Oost-Europa (SMHO)<\/li>\n\n\n\n<li class=\"has-small-font-size\">Kathol Frauenbund Skf Kasernenplatz<\/li>\n\n\n\n<li class=\"has-small-font-size\">United Reformed Church<\/li>\n\n\n\n<li class=\"has-small-font-size\">Evangelical Reformed Kirchgemeinde Binningen<\/li>\n\n\n\n<li class=\"has-small-font-size\">Evangelisch Reformierte Kirchgemeinde Luzern<\/li>\n\n\n\n<li class=\"has-small-font-size\">Russian Orthodox Church P M Portug Av General Teofilo Trinity<\/li>\n<\/ul>\n<\/div>\n\n\n\n<div class=\"wp-block-column is-layout-flow wp-block-column-is-layout-flow\">\n<ul class=\"wp-block-list\">\n<li class=\"has-small-font-size\">Nalclarendon Park Congregational Church<\/li>\n\n\n\n<li class=\"has-small-font-size\">Community Church Dursley<\/li>\n\n\n\n<li class=\"has-small-font-size\">Congregational Church Chapelside, Reawick, Shetland Islands<\/li>\n\n\n\n<li class=\"has-small-font-size\">JANIVO Foundation<\/li>\n<\/ul>\n<\/div>\n<\/div>\n\n\n\n<p class=\"has-text-align-center has-medium-font-size\"><strong>Private donors<\/strong><\/p>\n\n\n\n<p><\/p>","protected":false},"excerpt":{"rendered":"<p>ONG Asocia\u021bia Ob\u0219teasc\u0103 SOARTA reprezint\u0103 o asocia\u0163ie ob\u015fteasc\u0103 de caritate, non-guvernamental\u0103, apolitic\u0103, non-profit, constituit\u0103 prin libera manifestare a voin\u0163ei persoanelor asociate, \u00eenregistrat\u0103 la 20 iunie 2002, cu num\u0103rul de \u00eenregistrare 2248. SOARTA se angajeaz\u0103 s\u0103 \u00eei ajute pe cei bolnavi, s\u0103raci, nevoia\u0219i, vulnerabili \u0219i marginaliza\u021bi. Sloganul nostru este: \u201eMila \u0219i \u00eendurarea sunt mai presus de [&hellip;]<\/p>\n","protected":false},"author":2,"featured_media":0,"parent":0,"menu_order":0,"comment_status":"closed","ping_status":"closed","template":"","meta":{"footnotes":""},"class_list":["post-22","page","type-page","status-publish","hentry"],"jetpack_sharing_enabled":true,"_links":{"self":[{"href":"https:\/\/soarta.org\/en\/wp-json\/wp\/v2\/pages\/22","targetHints":{"allow":["GET"]}}],"collection":[{"href":"https:\/\/soarta.org\/en\/wp-json\/wp\/v2\/pages"}],"about":[{"href":"https:\/\/soarta.org\/en\/wp-json\/wp\/v2\/types\/page"}],"author":[{"embeddable":true,"href":"https:\/\/soarta.org\/en\/wp-json\/wp\/v2\/users\/2"}],"replies":[{"embeddable":true,"href":"https:\/\/soarta.org\/en\/wp-json\/wp\/v2\/comments?post=22"}],"version-history":[{"count":34,"href":"https:\/\/soarta.org\/en\/wp-json\/wp\/v2\/pages\/22\/revisions"}],"predecessor-version":[{"id":751,"href":"https:\/\/soarta.org\/en\/wp-json\/wp\/v2\/pages\/22\/revisions\/751"}],"wp:attachment":[{"href":"https:\/\/soarta.org\/en\/wp-json\/wp\/v2\/media?parent=22"}],"curies":[{"name":"wp","href":"https:\/\/api.w.org\/{rel}","templated":true}]}}