{"id":33,"date":"2025-01-28T23:59:43","date_gmt":"2025-01-28T21:59:43","guid":{"rendered":"https:\/\/soarta.org\/?page_id=33"},"modified":"2025-03-16T17:41:47","modified_gmt":"2025-03-16T15:41:47","slug":"contact","status":"publish","type":"page","link":"https:\/\/soarta.org\/en\/contact\/","title":{"rendered":"Contact"},"content":{"rendered":"<p><strong>Community Association SOARTA<\/strong> declares zero tolerance towards abuse, exploitation and harassment of any form. <\/p>\n\n\n\n<p>Anyone wishing to report a case of misconduct by an employee is encouraged to do so by sending an email to <a href=\"mailto:director.soarta@gmail.com\" data-type=\"mailto\" data-id=\"mailto:director.soarta@gmail.com\">admin@soarta.org<\/a><\/p>\n\n\n\n<p>Any report or complaint is strictly confidential and will be treated seriously.<\/p>\n\n\n\n<p><\/p>\n\n\n\n<div class=\"wp-block-group alignfull has-medium-font-size is-layout-flow wp-container-core-group-is-layout-055afcbb wp-block-group-is-layout-flow\" style=\"margin-top:0px;margin-bottom:0px\">\n<div class=\"wp-block-group alignwide is-layout-flow wp-block-group-is-layout-flow\">\n<p class=\"has-text-align-center is-style-text-display has-x-large-font-size is-style-text-display--1\" style=\"font-style:normal;font-weight:400\">Do you have any questions?<br>Feel free to reach out.<\/p>\n\n\n\n<div style=\"height:30px\" aria-hidden=\"true\" class=\"wp-block-spacer\"><\/div>\n<\/div>\n\n\n\n<div class=\"wp-block-columns is-style-default is-layout-flex wp-container-core-columns-is-layout-ae70854c wp-block-columns-is-layout-flex\" style=\"border-style:none;border-width:0px;padding-right:0;padding-left:0\">\n<div class=\"wp-block-column is-layout-flow wp-block-column-is-layout-flow\" style=\"flex-basis:70%\">\n<h3 class=\"wp-block-heading has-text-color has-link-color has-medium-font-size wp-elements-4d80152f765f12233d6113f0f9265478\" style=\"color:#ffbc3f;font-style:normal;font-weight:700\">Email address<\/h3>\n\n\n\n<p class=\"has-accent-3-color has-text-color has-link-color has-medium-font-size wp-elements-e178f558518ed3560e0a7e4efad9a480\"><a href=\"mailto:director.soarta@gmail.com\" data-type=\"mailto\" data-id=\"mailto:director.soarta@gmail.com\">office@soarta.org<\/a><\/p>\n\n\n\n<h3 class=\"wp-block-heading has-text-color has-link-color has-medium-font-size wp-elements-ba33feb95b7c1352914ee5605d8a5326\" style=\"color:#ffbc3f;margin-top:var(--wp--preset--spacing--50);font-style:normal;font-weight:700\">Telephone<\/h3>\n\n\n\n<p class=\"has-medium-font-size\">+373 691 82226<\/p>\n\n\n\n<h3 class=\"wp-block-heading has-text-align-left is-style-default has-text-color has-link-color has-medium-font-size wp-elements-3bff73bdc3d1f6d85be3e708bfd6fd7d\" style=\"color:#ffbc3f;margin-top:var(--wp--preset--spacing--50);font-style:normal;font-weight:700\">Social Media<\/h3>\n\n\n\n<ul class=\"wp-block-social-links alignleft has-large-icon-size has-icon-color is-style-logos-only is-content-justification-center is-layout-flex wp-container-core-social-links-is-layout-a89b3969 wp-block-social-links-is-layout-flex\"><li class=\"wp-social-link wp-social-link-facebook has-contrast-color wp-block-social-link\"><a rel=\"noopener nofollow\" target=\"_blank\" href=\"https:\/\/www.facebook.com\/profile.php?id=61564133104484\" class=\"wp-block-social-link-anchor\"><svg width=\"24\" height=\"24\" viewbox=\"0 0 24 24\" version=\"1.1\" xmlns=\"http:\/\/www.w3.org\/2000\/svg\" aria-hidden=\"true\" focusable=\"false\"><path d=\"M12 2C6.5 2 2 6.5 2 12c0 5 3.7 9.1 8.4 9.9v-7H7.9V12h2.5V9.8c0-2.5 1.5-3.9 3.8-3.9 1.1 0 2.2.2 2.2.2v2.5h-1.3c-1.2 0-1.6.8-1.6 1.6V12h2.8l-.4 2.9h-2.3v7C18.3 21.1 22 17 22 12c0-5.5-4.5-10-10-10z\"><\/path><\/svg><span class=\"wp-block-social-link-label screen-reader-text\">Facebook<\/span><\/a><\/li>\n\n<li class=\"wp-social-link wp-social-link-instagram has-contrast-color wp-block-social-link\"><a rel=\"noopener nofollow\" target=\"_blank\" href=\"#\" class=\"wp-block-social-link-anchor\"><svg width=\"24\" height=\"24\" viewbox=\"0 0 24 24\" version=\"1.1\" xmlns=\"http:\/\/www.w3.org\/2000\/svg\" aria-hidden=\"true\" focusable=\"false\"><path d=\"M12,4.622c2.403,0,2.688,0.009,3.637,0.052c0.877,0.04,1.354,0.187,1.671,0.31c0.42,0.163,0.72,0.358,1.035,0.673 c0.315,0.315,0.51,0.615,0.673,1.035c0.123,0.317,0.27,0.794,0.31,1.671c0.043,0.949,0.052,1.234,0.052,3.637 s-0.009,2.688-0.052,3.637c-0.04,0.877-0.187,1.354-0.31,1.671c-0.163,0.42-0.358,0.72-0.673,1.035 c-0.315,0.315-0.615,0.51-1.035,0.673c-0.317,0.123-0.794,0.27-1.671,0.31c-0.949,0.043-1.233,0.052-3.637,0.052 s-2.688-0.009-3.637-0.052c-0.877-0.04-1.354-0.187-1.671-0.31c-0.42-0.163-0.72-0.358-1.035-0.673 c-0.315-0.315-0.51-0.615-0.673-1.035c-0.123-0.317-0.27-0.794-0.31-1.671C4.631,14.688,4.622,14.403,4.622,12 s0.009-2.688,0.052-3.637c0.04-0.877,0.187-1.354,0.31-1.671c0.163-0.42,0.358-0.72,0.673-1.035 c0.315-0.315,0.615-0.51,1.035-0.673c0.317-0.123,0.794-0.27,1.671-0.31C9.312,4.631,9.597,4.622,12,4.622 M12,3 C9.556,3,9.249,3.01,8.289,3.054C7.331,3.098,6.677,3.25,6.105,3.472C5.513,3.702,5.011,4.01,4.511,4.511 c-0.5,0.5-0.808,1.002-1.038,1.594C3.25,6.677,3.098,7.331,3.054,8.289C3.01,9.249,3,9.556,3,12c0,2.444,0.01,2.751,0.054,3.711 c0.044,0.958,0.196,1.612,0.418,2.185c0.23,0.592,0.538,1.094,1.038,1.594c0.5,0.5,1.002,0.808,1.594,1.038 c0.572,0.222,1.227,0.375,2.185,0.418C9.249,20.99,9.556,21,12,21s2.751-0.01,3.711-0.054c0.958-0.044,1.612-0.196,2.185-0.418 c0.592-0.23,1.094-0.538,1.594-1.038c0.5-0.5,0.808-1.002,1.038-1.594c0.222-0.572,0.375-1.227,0.418-2.185 C20.99,14.751,21,14.444,21,12s-0.01-2.751-0.054-3.711c-0.044-0.958-0.196-1.612-0.418-2.185c-0.23-0.592-0.538-1.094-1.038-1.594 c-0.5-0.5-1.002-0.808-1.594-1.038c-0.572-0.222-1.227-0.375-2.185-0.418C14.751,3.01,14.444,3,12,3L12,3z M12,7.378 c-2.552,0-4.622,2.069-4.622,4.622S9.448,16.622,12,16.622s4.622-2.069,4.622-4.622S14.552,7.378,12,7.378z M12,15 c-1.657,0-3-1.343-3-3s1.343-3,3-3s3,1.343,3,3S13.657,15,12,15z M16.804,6.116c-0.596,0-1.08,0.484-1.08,1.08 s0.484,1.08,1.08,1.08c0.596,0,1.08-0.484,1.08-1.08S17.401,6.116,16.804,6.116z\"><\/path><\/svg><span class=\"wp-block-social-link-label screen-reader-text\">Instagram<\/span><\/a><\/li><\/ul>\n<\/div>\n\n\n\n<div class=\"wp-block-column is-layout-flow wp-block-column-is-layout-flow\" style=\"flex-basis:70%\">\n<h3 class=\"wp-block-heading has-text-color has-link-color has-medium-font-size wp-elements-911b3cc0e81f74458f16276ed1e4073f\" style=\"color:#ffbc3f;font-style:normal;font-weight:700\">Address<\/h3>\n\n\n\n<p class=\"has-medium-font-size\">1 \/17 Mateevici Str., mun. Soroca <\/p>\n\n\n\n<p class=\"has-medium-font-size\">Republic of Moldova, MD 3000 <\/p>\n\n\n\n<p class=\"has-medium-font-size\"><\/p>\n<\/div>\n<\/div>\n<\/div>\n\n\n\n<div class=\"wp-block-gmap-gmap-block gmap-block-9g6juwb1\"><iframe src=\"https:\/\/maps.google.com\/maps?q=Mateevici+Str.+1%2C+Soroca%2C+Moldova&amp;z=10&amp;t=roadmap&amp;output=embed\" class=\"embd-map\" title=\"Mateevici Str. 1, Soroca, Moldova\"><\/iframe><\/div>","protected":false},"excerpt":{"rendered":"<p>Asocia\u021bia Ob\u0219teasca SOARTA declar\u0103 Zero toleran\u021b\u0103 fa\u021b\u0103 de abuz , exploatare \u0219i h\u0103r\u021buire de orice form\u0103. Oricine dore\u0219te s\u0103 raporteze un caz de abatere de conduit\u0103 al unui angajat este \u00eencurajat s\u0103 o fac\u0103 la adresa de email admin@soarta.org Orice sesizare sau pl\u00e2ngere este strict confiden\u021bial\u0103 \u0219i va fi tratat\u0103 cu maxim\u0103 seriozitate. Ai \u00eentreb\u0103ri?Sim\u021bi\u021bi-v\u0103 [&hellip;]<\/p>\n","protected":false},"author":2,"featured_media":0,"parent":0,"menu_order":0,"comment_status":"closed","ping_status":"closed","template":"","meta":{"footnotes":""},"class_list":["post-33","page","type-page","status-publish","hentry"],"jetpack_sharing_enabled":true,"_links":{"self":[{"href":"https:\/\/soarta.org\/en\/wp-json\/wp\/v2\/pages\/33","targetHints":{"allow":["GET"]}}],"collection":[{"href":"https:\/\/soarta.org\/en\/wp-json\/wp\/v2\/pages"}],"about":[{"href":"https:\/\/soarta.org\/en\/wp-json\/wp\/v2\/types\/page"}],"author":[{"embeddable":true,"href":"https:\/\/soarta.org\/en\/wp-json\/wp\/v2\/users\/2"}],"replies":[{"embeddable":true,"href":"https:\/\/soarta.org\/en\/wp-json\/wp\/v2\/comments?post=33"}],"version-history":[{"count":25,"href":"https:\/\/soarta.org\/en\/wp-json\/wp\/v2\/pages\/33\/revisions"}],"predecessor-version":[{"id":701,"href":"https:\/\/soarta.org\/en\/wp-json\/wp\/v2\/pages\/33\/revisions\/701"}],"wp:attachment":[{"href":"https:\/\/soarta.org\/en\/wp-json\/wp\/v2\/media?parent=33"}],"curies":[{"name":"wp","href":"https:\/\/api.w.org\/{rel}","templated":true}]}}